

{"id":57,"date":"2012-12-25T05:08:16","date_gmt":"2012-12-25T04:08:16","guid":{"rendered":"http:\/\/academiacpu.es\/?page_id=57"},"modified":"2021-09-06T14:47:12","modified_gmt":"2021-09-06T12:47:12","slug":"contacto","status":"publish","type":"page","link":"http:\/\/academiacpu.es\/?page_id=57","title":{"rendered":"Contacto"},"content":{"rendered":"\n<p>Para ponerte en contacto con nosotros, puedes usar los siguientes medios:<\/p>\n\n\n\n<p><strong>Llamandonos por tel\u00e9fono<\/strong><br \/>Tel\u00e9fono fijo: 924 20 13 14<br \/>Tel\u00e9fono m\u00f3vil Juan: 669 75 78 48<br \/>Tel\u00e9fono m\u00f3vil Pilar: 678 950 985<\/p>\n\n\n\n<p><strong>Person\u00e1ndose en la academia<\/strong><br \/>Avda. Juan Pereda Pila 12 (local bajo), junto al Colegio Hermanos Maristas<\/p>\n\n\n\n\n\t\t\t\t<div id=\"map_ol3js_1\" class=\"map undefined\" data-map_name=\"undefined\" data-map=\"map_ol3js_1\" style=\"width:95%; max-width:100%; height:450px; display:block; overflow:hidden;border:thin solid ; background-image: url(http:\/\/academiacpu.es\/wp-content\/plugins\/osm\/); background-repeat: no-repeat; background-position: center; position: relative;\" >\n\t\t\t\t  <div id=\"map_ol3js_1_popup\" class=\"ol-popup\" >\n\t\t\t\t\t<a href=\"#\" id=\"map_ol3js_1_popup-closer\" class=\"ol-popup-closer\"><\/a>\n\t\t\t\t\t<div id=\"map_ol3js_1_popup-content\" ><\/div>\n\t\t\t\t  <\/div>\n\t\t\t\t<\/div>\n\t\t\t\n\t\t\t\t<link rel=\"stylesheet\" href=\"http:\/\/academiacpu.es\/wp-content\/plugins\/osm\/js\/OL\/7.1.0\/ol.css?ver=7.1.0\" type=\"text\/css\">\n\t\t\t\t<link rel=\"stylesheet\" href=\"http:\/\/academiacpu.es\/wp-content\/plugins\/osm\/css\/osm_map_v3.css?ver=1.0.0\" type=\"text\/css\">\n\t\t\t\t<link rel=\"stylesheet\" href=\"http:\/\/academiacpu.es\/wp-content\/plugins\/osm\/css\/osm_map.css?ver=1.0.0\" type=\"text\/css\">\n\t\t\t\t<!-- The line below is only needed for old environments like Internet Explorer and Android 4.x -->\n                                <script src=\"http:\/\/academiacpu.es\/wp-content\/plugins\/osm\/js\/polyfill\/v2\/polyfill.min.js?features=requestAnimationFrame,Element.prototype.classList,URL\"><\/script>\n\n\t\t\t\t<script src=\"http:\/\/academiacpu.es\/wp-content\/plugins\/osm\/js\/OL\/7.1.0\/ol.js?ver=7.1.0\" type=\"text\/javascript\"><\/script>\n\t\t\t\t<script src=\"http:\/\/academiacpu.es\/wp-content\/plugins\/osm\/js\/osm-v3-plugin-lib.js?ver=1.0.0\" type=\"text\/javascript\"><\/script>\n\t\t\t\t<script src=\"http:\/\/academiacpu.es\/wp-content\/plugins\/osm\/js\/osm-metabox-events.js?ver=1.0.0\" type=\"text\/javascript\"><\/script>\n\t\t\t\t<script src=\"http:\/\/academiacpu.es\/wp-content\/plugins\/osm\/js\/osm-startup-lib.js\" type=\"text\/javascript\"><\/script>\n\t\t\t\t<script type=\"text\/javascript\">\n\t\t\t\t\ttranslations['openlayer'] = \"open layer\";\n\t\t\t\t\ttranslations['openlayerAtStartup'] = \"open layer at startup\";\n\t\t\t\t\ttranslations['generateLink'] = \"link to this map with opened layers\";\n\t\t\t\t\ttranslations['shortDescription'] = \"short description\";\n\t\t\t\t\ttranslations['generatedShortCode'] = \"to get a text control link paste this code in your wordpress editor\";\n\t\t\t\t\ttranslations['closeLayer'] = \"close layer\";\n\t\t\t\t\ttranslations['cantGenerateLink'] = \"put this string in the existing map short code to control this map\";\n\t\t\t  <\/script>\n\n\n\t\t\t  <script type=\"text\/javascript\">\n\t\t\t  vectorM['map_ol3js_1'] = [];\n\t        \n        var raster = getTileLayer(\"osm\",\"NoKey\");\t\t\t\n\n\t\t\t  var map_ol3js_1 = new ol.Map({\n\t\t\t\tinteractions: ol.interaction.defaults.defaults({mouseWheelZoom:false}),\n\t\t\t\tlayers: [raster],\n\t\t\t\ttarget: \"map_ol3js_1\",\n\t\t\t\tview: new ol.View({\n\t\t\t\t  center: ol.proj.transform([-6.9769,38.8695], \"EPSG:4326\", \"EPSG:3857\"),\n\t\t\t\t  zoom: 17\n\t\t\t\t})\n\t\t\t  });\n\t\t\t  osm_addMarkerLayer(map_ol3js_1,-6.9769,38.8695,\"http:\/\/academiacpu.es\/wp-content\/plugins\/osm\/icons\/mic_black_start_10.png\",-16,-41,\"<p>Academia Juan Solis<\/p>\") ; \naddControls2Map(map_ol3js_1,0,0,3,0,5,6,7,0,1);\nosm_addPopupClickhandler(map_ol3js_1,  \"map_ol3js_1\"); \nosm_addMouseHover(map_ol3js_1); <\/script>\n\n\n\n<p><\/p>\n\n\n\n<p><strong>Completando y enviando el siguiente formulario:<\/strong><br \/><div class='fluentform ff-default fluentform_wrapper_4 ffs_default_wrap'><form data-form_id=\"4\" id=\"fluentform_4\" class=\"frm-fluent-form fluent_form_4 ff-el-form-top ff_form_instance_4_1 ff-form-loading ffs_default\" data-form_instance=\"ff_form_instance_4_1\" method=\"POST\" ><fieldset  style=\"border: none!important;margin: 0!important;padding: 0!important;background-color: transparent!important;box-shadow: none!important;outline: none!important; min-inline-size: 100%;\">\n                    <legend class=\"ff_screen_reader_title\" style=\"display: block; margin: 0!important;padding: 0!important;height: 0!important;text-indent: -999999px;width: 0!important;overflow:hidden;\">Formulario de contacto<\/legend>        <div\n                style=\"display: none!important; position: absolute!important; transform: translateX(1000%)!important;\"\n                class=\"ff-el-group ff-hpsf-container\"\n        >\n            <div class=\"ff-el-input--label asterisk-right\">\n                <label for=\"ff_4_item_sf\" aria-label=\"Subscribe\">\n                    Subscribe                <\/label>\n            <\/div>\n            <div class=\"ff-el-input--content\">\n                <input type=\"text\"\n                       name=\"item_4__fluent_sf\"\n                       class=\"ff-el-form-control\"\n                       id=\"ff_4_item_sf\"\n                \/>\n            <\/div>\n        <\/div>\n        <input type='hidden' name='__fluent_form_embded_post_id' value='57' \/><input type=\"hidden\" id=\"_fluentform_4_fluentformnonce\" name=\"_fluentform_4_fluentformnonce\" value=\"dbea8fee10\" \/><input type=\"hidden\" name=\"_wp_http_referer\" value=\"\/index.php?rest_route=%2Fwp%2Fv2%2Fpages%2F57\" \/><div data-type=\"name-element\" data-name=\"nombre_completo\" class=\" ff-field_container ff-name-field-wrapper\" ><div class='ff-t-container'><div class='ff-t-cell '><div class='ff-el-group'><div class=\"ff-el-input--label ff-el-is-required asterisk-right\"><label for='ff_4_nombre_completo_first_name_' id='label_ff_4_nombre_completo_first_name_' >Nombre<\/label><\/div><div class='ff-el-input--content'><input type=\"text\" name=\"nombre_completo[first_name]\" id=\"ff_4_nombre_completo_first_name_\" class=\"ff-el-form-control\" placeholder=\"Nombre\" aria-invalid=\"false\" aria-required=true><\/div><\/div><\/div><div class='ff-t-cell '><div class='ff-el-group'><div class=\"ff-el-input--label ff-el-is-required asterisk-right\"><label for='ff_4_nombre_completo_last_name_' id='label_ff_4_nombre_completo_last_name_' >Apellidos<\/label><\/div><div class='ff-el-input--content'><input type=\"text\" name=\"nombre_completo[last_name]\" id=\"ff_4_nombre_completo_last_name_\" class=\"ff-el-form-control\" placeholder=\"Apellidos\" aria-invalid=\"false\" aria-required=true><\/div><\/div><\/div><\/div><\/div><div class='ff-el-group'><div class=\"ff-el-input--label ff-el-is-required asterisk-right\"><label for='ff_4_email' id='label_ff_4_email' aria-label=\"Direcci\u00f3n de correo electr\u00f3nico\">Direcci\u00f3n de correo electr\u00f3nico<\/label><\/div><div class='ff-el-input--content'><input type=\"email\" name=\"email\" id=\"ff_4_email\" class=\"ff-el-form-control\" placeholder=\"correo-e\" data-name=\"email\"  aria-invalid=\"false\" aria-required=true><\/div><\/div><div class='ff-el-group'><div class=\"ff-el-input--label ff-el-is-required asterisk-right\"><label for='ff_4_subject' id='label_ff_4_subject' aria-label=\"Asunto\">Asunto<\/label><\/div><div class='ff-el-input--content'><input type=\"text\" name=\"subject\" class=\"ff-el-form-control\" placeholder=\"Intruduzca una breve descripci\u00f3n de una l\u00ednea\" data-name=\"subject\" id=\"ff_4_subject\"  aria-invalid=\"false\" aria-required=true><\/div><\/div><div class='ff-el-group'><div class=\"ff-el-input--label ff-el-is-required asterisk-right\"><label for='ff_4_message' id='label_ff_4_message' aria-label=\"Contenido del mensaje\">Contenido del mensaje<\/label><\/div><div class='ff-el-input--content'><textarea aria-required=\"true\" aria-labelledby=\"label_ff_4_message\" name=\"message\" id=\"ff_4_message\" class=\"ff-el-form-control\" placeholder=\"Introduzca los p\u00e1rrafos que necesite con el texto que desee enviarnos\" rows=\"4\" cols=\"2\" data-name=\"message\" ><\/textarea><\/div><\/div><div class='ff-el-group ff-text-left ff_submit_btn_wrapper'><button type=\"submit\" class=\"ff-btn ff-btn-submit ff-btn-md ff_btn_style\"  aria-label=\"Enviar datos del formulario\">Enviar datos del formulario<\/button><\/div><\/fieldset><\/form><div id='fluentform_4_errors' class='ff-errors-in-stack ff_form_instance_4_1 ff-form-loading_errors ff_form_instance_4_1_errors'><\/div><\/div>            <script type=\"text\/javascript\">\n                window.fluent_form_ff_form_instance_4_1 = {\"id\":\"4\",\"ajaxUrl\":\"http:\\\/\\\/academiacpu.es\\\/wp-admin\\\/admin-ajax.php\",\"settings\":{\"layout\":{\"labelPlacement\":\"top\",\"helpMessagePlacement\":\"with_label\",\"errorMessagePlacement\":\"inline\",\"asteriskPlacement\":\"asterisk-right\"},\"id\":\"39\",\"restrictions\":{\"denyEmptySubmission\":{\"enabled\":false}}},\"form_instance\":\"ff_form_instance_4_1\",\"form_id_selector\":\"fluentform_4\",\"rules\":{\"nombre_completo[first_name]\":{\"required\":{\"value\":true,\"message\":\"Debe introducir su nombre\"}},\"nombre_completo[middle_name]\":{\"required\":{\"value\":false,\"message\":\"This field is required\"}},\"nombre_completo[last_name]\":{\"required\":{\"value\":true,\"message\":\"Debe introducir sus apellidos\"}},\"email\":{\"required\":{\"value\":true,\"message\":\"Debe introducir una direcci\\u00f3n de correo electr\\u00f3nico\"},\"email\":{\"value\":true,\"message\":\"This field must contain a valid email\"}},\"subject\":{\"required\":{\"value\":true,\"message\":\"Debe introducir un texto corto sobre el motivo de este mensaje\"}},\"message\":{\"required\":{\"value\":true,\"message\":\"Es necesario que introduzca un texto\"}}},\"debounce_time\":300};\n                            <\/script>\n            <\/p>\n\n\n\n<p>De acuerdo con lo establecido en la L.O.5\/1999,de 13 de diciembre, de Protecci\u00f3n de Datos de Car\u00e1cter Personal, se solicita el consentimiento para que sus datos de car\u00e1cter personal y acad\u00e9micos sean inclu\u00eddos en un fichero automatizado cuyo responsable es Juan Sol\u00eds da Costa de Moraes, con domicilio en Av. Juan Pereda Pila,12 en Badajoz (C.P 06010), LOCAL Tel\u00e9fono: 669757848 Correo electr\u00f3nico: academiacpubadajoz@gmail.com cuya actividad es la impartici\u00f3n de clases de apoyo a universitarios, con el fin de que sus datos puedan ser utilizados para la realizaci\u00f3n de fines administrativos propios del centro.<br \/><br \/>Si desea ejercitar los derechos de acceso, rectificaci\u00f3n, cancelaci\u00f3n y oposici\u00f3n, puede dirigirse a ACADEMIA CPU, a la direcci\u00f3n citada anteriormente.<br \/><br \/>En cumplimiento RGPD \u201cEn nombre de la empresa tratamos la informaci\u00f3n que nos facilita con el fin de prestarles el servicio solicitado, realizar la facturaci\u00f3n del mismo. Los datos proporcionados se conservar\u00e1n mientras se mantenga la relaci\u00f3n comercial o durante los a\u00f1os necesarios para cumplir con las obligaciones legales. Los datos no se ceder\u00e1n a terceros salvo en los casos en que exista una obligaci\u00f3n legal. Usted tiene derecho a obtener confirmaci\u00f3n sobre si en ACADEMIA CPU estamos tratando sus datos personales por tanto tiene derecho a acceder a sus datos personales, rectificar los datos inexactos o solicitar su supresi\u00f3n cuando los datos ya no sean necesarios.\u00bb<\/p>\n","protected":false},"excerpt":{"rendered":"<p>Para ponerte en contacto con nosotros, puedes usar los siguientes medios: Llamandonos por tel\u00e9fonoTel\u00e9fono fijo: 924 20 13 14Tel\u00e9fono m\u00f3vil Juan: 669 75 78 48Tel\u00e9fono m\u00f3vil Pilar: 678 950 985 Person\u00e1ndose en la academiaAvda. Juan Pereda Pila 12 (local bajo), &hellip; <a class=\"more-link\" href=\"http:\/\/academiacpu.es\/?page_id=57\">Sigue leyendo <span class=\"meta-nav\">&rarr;<\/span><\/a><\/p>\n","protected":false},"author":2,"featured_media":0,"parent":0,"menu_order":0,"comment_status":"closed","ping_status":"open","template":"","meta":{"footnotes":""},"_links":{"self":[{"href":"http:\/\/academiacpu.es\/index.php?rest_route=\/wp\/v2\/pages\/57"}],"collection":[{"href":"http:\/\/academiacpu.es\/index.php?rest_route=\/wp\/v2\/pages"}],"about":[{"href":"http:\/\/academiacpu.es\/index.php?rest_route=\/wp\/v2\/types\/page"}],"author":[{"embeddable":true,"href":"http:\/\/academiacpu.es\/index.php?rest_route=\/wp\/v2\/users\/2"}],"replies":[{"embeddable":true,"href":"http:\/\/academiacpu.es\/index.php?rest_route=%2Fwp%2Fv2%2Fcomments&post=57"}],"version-history":[{"count":20,"href":"http:\/\/academiacpu.es\/index.php?rest_route=\/wp\/v2\/pages\/57\/revisions"}],"predecessor-version":[{"id":2914,"href":"http:\/\/academiacpu.es\/index.php?rest_route=\/wp\/v2\/pages\/57\/revisions\/2914"}],"wp:attachment":[{"href":"http:\/\/academiacpu.es\/index.php?rest_route=%2Fwp%2Fv2%2Fmedia&parent=57"}],"curies":[{"name":"wp","href":"https:\/\/api.w.org\/{rel}","templated":true}]}}