{"id":2870,"date":"2013-09-29T19:23:59","date_gmt":"2013-09-29T17:23:59","guid":{"rendered":"http:\/\/academiacpu.es\/?page_id=2870"},"modified":"2016-03-14T00:23:03","modified_gmt":"2016-03-13T23:23:03","slug":"asignaturas","status":"publish","type":"page","link":"http:\/\/academiacpu.es\/?page_id=2870","title":{"rendered":"Asignaturas"},"content":{"rendered":"<p>Las asignaturas que se imparten en la academia son las siguientes:<\/p>\n<ul>\n<li>Contabilidad I, II y III<\/li>\n<li>An\u00e1lisis de los estados financieros<\/li>\n<li>Contabilidad de costes y de gesti\u00f3n<\/li>\n<li>Direcci\u00f3n financiera<\/li>\n<li>Econometr\u00eda<\/li>\n<li>Estad\u00edstica<\/li>\n<li>Fiscal<\/li>\n<li>Macroeconom\u00eda<\/li>\n<li>Matem\u00e1ticas<\/li>\n<li>Matem\u00e1ticas de las operaciones financieras<\/li>\n<li>Microeconom\u00eda<\/li>\n<\/ul>\n<p>&nbsp;<\/p>\n","protected":false},"excerpt":{"rendered":"<p>Las asignaturas que se imparten en la academia son las siguientes: Contabilidad I, II y III An\u00e1lisis de los estados financieros Contabilidad de costes y de gesti\u00f3n Direcci\u00f3n financiera Econometr\u00eda Estad\u00edstica Fiscal Macroeconom\u00eda Matem\u00e1ticas Matem\u00e1ticas de las operaciones financieras Microeconom\u00eda &hellip; <a class=\"more-link\" href=\"http:\/\/academiacpu.es\/?page_id=2870\">Sigue leyendo <span class=\"meta-nav\">&rarr;<\/span><\/a><\/p>\n","protected":false},"author":2,"featured_media":0,"parent":0,"menu_order":0,"comment_status":"closed","ping_status":"open","template":"","meta":{"footnotes":""},"_links":{"self":[{"href":"http:\/\/academiacpu.es\/index.php?rest_route=\/wp\/v2\/pages\/2870"}],"collection":[{"href":"http:\/\/academiacpu.es\/index.php?rest_route=\/wp\/v2\/pages"}],"about":[{"href":"http:\/\/academiacpu.es\/index.php?rest_route=\/wp\/v2\/types\/page"}],"author":[{"embeddable":true,"href":"http:\/\/academiacpu.es\/index.php?rest_route=\/wp\/v2\/users\/2"}],"replies":[{"embeddable":true,"href":"http:\/\/academiacpu.es\/index.php?rest_route=%2Fwp%2Fv2%2Fcomments&post=2870"}],"version-history":[{"count":1,"href":"http:\/\/academiacpu.es\/index.php?rest_route=\/wp\/v2\/pages\/2870\/revisions"}],"predecessor-version":[{"id":2871,"href":"http:\/\/academiacpu.es\/index.php?rest_route=\/wp\/v2\/pages\/2870\/revisions\/2871"}],"wp:attachment":[{"href":"http:\/\/academiacpu.es\/index.php?rest_route=%2Fwp%2Fv2%2Fmedia&parent=2870"}],"curies":[{"name":"wp","href":"https:\/\/api.w.org\/{rel}","templated":true}]}}