{"id":2,"date":"2012-12-23T02:49:01","date_gmt":"2012-12-23T02:49:01","guid":{"rendered":"http:\/\/academiacpu.es\/?page_id=2"},"modified":"2021-09-06T14:30:50","modified_gmt":"2021-09-06T12:30:50","slug":"pagina-ejemplo","status":"publish","type":"page","link":"http:\/\/academiacpu.es\/","title":{"rendered":"Sobre la academia"},"content":{"rendered":"<p>Academia de apoyo a universitarios que nace fruto de la uni\u00f3n de la experiencia, la fama y la<br \/>\nclientela creadas por Juan Sol\u00eds y Pilar Salgado, tras m\u00e1s de 20 a\u00f1os trabajando con dedicaci\u00f3n<br \/>\nabsoluta.<\/p>\n<p>Especializada en los grados de Administraci\u00f3n y Direcci\u00f3n de Empresas, Ciencias del Trabajo,<br \/>\nEconom\u00eda y todas las dobles titulaciones relacionadas con ellos.<\/p>\n<p>Nuestro equipo est\u00e1 formado por profesores titulados y con amplia trayectoria formativa. El<br \/>\n\u00e9xito de nuestro trabajo se basa en los resultados, con un muy elevado nivel de aprobados en<br \/>\ncada convocatoria, y en el trato directo con el alumno.<\/p>\n<p>Contamos con amplias y c\u00f3modas instalaciones equipadas con los medios tecnol\u00f3gicos<br \/>\nadecuados para desarrollar nuestra actividad. Su c\u00e9ntrica ubicaci\u00f3n y la cercan\u00eda de<br \/>\ntransportes p\u00fablicos facilitan el acceso al local.<\/p>\n","protected":false},"excerpt":{"rendered":"<p>Academia de apoyo a universitarios que nace fruto de la uni\u00f3n de la experiencia, la fama y la clientela creadas por Juan Sol\u00eds y Pilar Salgado, tras m\u00e1s de 20 a\u00f1os trabajando con dedicaci\u00f3n absoluta. Especializada en los grados de &hellip; <a class=\"more-link\" href=\"http:\/\/academiacpu.es\/\">Sigue leyendo <span class=\"meta-nav\">&rarr;<\/span><\/a><\/p>\n","protected":false},"author":2,"featured_media":0,"parent":0,"menu_order":0,"comment_status":"closed","ping_status":"open","template":"","meta":{"footnotes":""},"_links":{"self":[{"href":"http:\/\/academiacpu.es\/index.php?rest_route=\/wp\/v2\/pages\/2"}],"collection":[{"href":"http:\/\/academiacpu.es\/index.php?rest_route=\/wp\/v2\/pages"}],"about":[{"href":"http:\/\/academiacpu.es\/index.php?rest_route=\/wp\/v2\/types\/page"}],"author":[{"embeddable":true,"href":"http:\/\/academiacpu.es\/index.php?rest_route=\/wp\/v2\/users\/2"}],"replies":[{"embeddable":true,"href":"http:\/\/academiacpu.es\/index.php?rest_route=%2Fwp%2Fv2%2Fcomments&post=2"}],"version-history":[{"count":6,"href":"http:\/\/academiacpu.es\/index.php?rest_route=\/wp\/v2\/pages\/2\/revisions"}],"predecessor-version":[{"id":2911,"href":"http:\/\/academiacpu.es\/index.php?rest_route=\/wp\/v2\/pages\/2\/revisions\/2911"}],"wp:attachment":[{"href":"http:\/\/academiacpu.es\/index.php?rest_route=%2Fwp%2Fv2%2Fmedia&parent=2"}],"curies":[{"name":"wp","href":"https:\/\/api.w.org\/{rel}","templated":true}]}}